{"id":15,"date":"2025-01-19T23:37:47","date_gmt":"2025-01-19T23:37:47","guid":{"rendered":"https:\/\/brinco.com.mx\/eng\/?page_id=15"},"modified":"2025-07-23T12:20:06","modified_gmt":"2025-07-23T18:20:06","slug":"contacto","status":"publish","type":"page","link":"https:\/\/brinco.com.mx\/eng\/contacto\/","title":{"rendered":"\u00a1Comun\u00edcate con nosotros!"},"content":{"rendered":"\t\t<div data-elementor-type=\"wp-page\" data-elementor-id=\"15\" class=\"elementor elementor-15\" data-elementor-post-type=\"page\">\n\t\t\t\t<div class=\"elementor-element elementor-element-02a5b62 e-flex e-con-boxed e-con e-parent\" data-id=\"02a5b62\" data-element_type=\"container\">\n\t\t\t\t\t<div class=\"e-con-inner\">\n\t\t<div class=\"elementor-element elementor-element-8612cc8 e-con-full e-flex e-con e-child\" data-id=\"8612cc8\" data-element_type=\"container\">\n\t\t<div class=\"elementor-element elementor-element-263ebf9 e-con-full e-flex e-con e-child\" data-id=\"263ebf9\" data-element_type=\"container\">\n\t\t\t\t<div class=\"elementor-element elementor-element-4d74a1a elementor-widget elementor-widget-image\" data-id=\"4d74a1a\" data-element_type=\"widget\" data-widget_type=\"image.default\">\n\t\t\t\t<div class=\"elementor-widget-container\">\n\t\t\t\t\t\t\t\t\t\t\t\t\t\t\t<img fetchpriority=\"high\" decoding=\"async\" width=\"1055\" height=\"900\" src=\"https:\/\/brinco.com.mx\/eng\/wp-content\/uploads\/2025\/03\/9-e1753294027881.jpg\" class=\"attachment-full size-full wp-image-2183\" alt=\"distributor of textile supplies in the USA\" srcset=\"https:\/\/brinco.com.mx\/eng\/wp-content\/uploads\/2025\/03\/9-e1753294027881.jpg 1055w, https:\/\/brinco.com.mx\/eng\/wp-content\/uploads\/2025\/03\/9-e1753294027881-300x256.jpg 300w, https:\/\/brinco.com.mx\/eng\/wp-content\/uploads\/2025\/03\/9-e1753294027881-1024x874.jpg 1024w, https:\/\/brinco.com.mx\/eng\/wp-content\/uploads\/2025\/03\/9-e1753294027881-768x655.jpg 768w\" sizes=\"(max-width: 1055px) 100vw, 1055px\" \/>\t\t\t\t\t\t\t\t\t\t\t\t\t\t\t<\/div>\n\t\t\t\t<\/div>\n\t\t\t\t<\/div>\n\t\t<div class=\"elementor-element elementor-element-d11ce26 e-con-full e-flex e-con e-child\" data-id=\"d11ce26\" data-element_type=\"container\">\n\t\t<div class=\"elementor-element elementor-element-71ec8be e-con-full e-flex e-con e-child\" data-id=\"71ec8be\" data-element_type=\"container\">\n\t\t\t\t<div class=\"elementor-element elementor-element-75f6bd8 elementor-widget elementor-widget-heading\" data-id=\"75f6bd8\" data-element_type=\"widget\" data-widget_type=\"heading.default\">\n\t\t\t\t<div class=\"elementor-widget-container\">\n\t\t\t\t\t<h4 class=\"elementor-heading-title elementor-size-default\">Find the ideal product for your applications. Contact us!<\/h4>\t\t\t\t<\/div>\n\t\t\t\t<\/div>\n\t\t\t\t<div class=\"elementor-element elementor-element-c94eb6d elementor-button-align-stretch elementor-widget elementor-widget-form\" data-id=\"c94eb6d\" data-element_type=\"widget\" data-settings=\"{&quot;step_next_label&quot;:&quot;Next&quot;,&quot;step_previous_label&quot;:&quot;Previous&quot;,&quot;button_width&quot;:&quot;100&quot;,&quot;step_type&quot;:&quot;number_text&quot;,&quot;step_icon_shape&quot;:&quot;circle&quot;}\" data-widget_type=\"form.default\">\n\t\t\t\t<div class=\"elementor-widget-container\">\n\t\t\t\t\t\t\t<form class=\"elementor-form\" method=\"post\" name=\"New Form\">\n\t\t\t<input type=\"hidden\" name=\"post_id\" value=\"15\"\/>\n\t\t\t<input type=\"hidden\" name=\"form_id\" value=\"c94eb6d\"\/>\n\t\t\t<input type=\"hidden\" name=\"referer_title\" value=\"\u00a1Comun\u00edcate con nosotros! - Brinco\" \/>\n\n\t\t\t\t\t\t\t<input type=\"hidden\" name=\"queried_id\" value=\"15\"\/>\n\t\t\t\n\t\t\t<div class=\"elementor-form-fields-wrapper elementor-labels-\">\n\t\t\t\t\t\t\t\t<div class=\"elementor-field-type-text elementor-field-group elementor-column elementor-field-group-name elementor-col-100\">\n\t\t\t\t\t\t\t\t\t\t\t\t<label for=\"form-field-name\" class=\"elementor-field-label elementor-screen-only\">\n\t\t\t\t\t\t\t\tName\t\t\t\t\t\t\t<\/label>\n\t\t\t\t\t\t\t\t\t\t\t\t\t\t<input size=\"1\" type=\"text\" name=\"form_fields[name]\" id=\"form-field-name\" class=\"elementor-field elementor-size-sm  elementor-field-textual\" placeholder=\"Name\">\n\t\t\t\t\t\t\t\t\t\t\t<\/div>\n\t\t\t\t\t\t\t\t<div class=\"elementor-field-type-text elementor-field-group elementor-column elementor-field-group-field_1300c85 elementor-col-100\">\n\t\t\t\t\t\t\t\t\t\t\t\t<label for=\"form-field-field_1300c85\" class=\"elementor-field-label elementor-screen-only\">\n\t\t\t\t\t\t\t\tCompany\t\t\t\t\t\t\t<\/label>\n\t\t\t\t\t\t\t\t\t\t\t\t\t\t<input size=\"1\" type=\"text\" name=\"form_fields[field_1300c85]\" id=\"form-field-field_1300c85\" class=\"elementor-field elementor-size-sm  elementor-field-textual\" placeholder=\"Company\">\n\t\t\t\t\t\t\t\t\t\t\t<\/div>\n\t\t\t\t\t\t\t\t<div class=\"elementor-field-type-email elementor-field-group elementor-column elementor-field-group-email elementor-col-100 elementor-field-required\">\n\t\t\t\t\t\t\t\t\t\t\t\t<label for=\"form-field-email\" class=\"elementor-field-label elementor-screen-only\">\n\t\t\t\t\t\t\t\tEmail\t\t\t\t\t\t\t<\/label>\n\t\t\t\t\t\t\t\t\t\t\t\t\t\t<input size=\"1\" type=\"email\" name=\"form_fields[email]\" id=\"form-field-email\" class=\"elementor-field elementor-size-sm  elementor-field-textual\" placeholder=\"Email\" required=\"required\" aria-required=\"true\">\n\t\t\t\t\t\t\t\t\t\t\t<\/div>\n\t\t\t\t\t\t\t\t<div class=\"elementor-field-type-select elementor-field-group elementor-column elementor-field-group-field_594a263 elementor-col-100\">\n\t\t\t\t\t\t\t<div class=\"elementor-field elementor-select-wrapper remove-before \">\n\t\t\t<div class=\"select-caret-down-wrapper\">\n\t\t\t\t<svg aria-hidden=\"true\" class=\"e-font-icon-svg e-eicon-caret-down\" viewBox=\"0 0 571.4 571.4\" xmlns=\"http:\/\/www.w3.org\/2000\/svg\"><path d=\"M571 393Q571 407 561 418L311 668Q300 679 286 679T261 668L11 418Q0 407 0 393T11 368 36 357H536Q550 357 561 368T571 393Z\"><\/path><\/svg>\t\t\t<\/div>\n\t\t\t<select name=\"form_fields[field_594a263]\" id=\"form-field-field_594a263\" class=\"elementor-field-textual elementor-size-sm\">\n\t\t\t\t\t\t\t\t\t<option value=\"Clothing Supplies\">Clothing Supplies<\/option>\n\t\t\t\t\t\t\t\t\t<option value=\"Technical\/Automotive Textiles\">Technical\/Automotive Textiles<\/option>\n\t\t\t\t\t\t\t\t\t<option value=\"Acoustic Solutions\">Acoustic Solutions<\/option>\n\t\t\t\t\t\t\t\t\t<option value=\"Craft Stabilizers\">Craft Stabilizers<\/option>\n\t\t\t\t\t\t\t<\/select>\n\t\t<\/div>\n\t\t\t\t\t\t<\/div>\n\t\t\t\t\t\t\t\t<div class=\"elementor-field-group elementor-column elementor-field-type-submit elementor-col-100 e-form__buttons\">\n\t\t\t\t\t<button class=\"elementor-button elementor-size-md\" type=\"submit\">\n\t\t\t\t\t\t<span class=\"elementor-button-content-wrapper\">\n\t\t\t\t\t\t\t\t\t\t\t\t\t\t\t\t\t\t\t\t\t\t<span class=\"elementor-button-text\">Contact Us!<\/span>\n\t\t\t\t\t\t\t\t\t\t\t\t\t<\/span>\n\t\t\t\t\t<\/button>\n\t\t\t\t<\/div>\n\t\t\t<\/div>\n\t\t<\/form>\n\t\t\t\t\t\t<\/div>\n\t\t\t\t<\/div>\n\t\t\t\t<\/div>\n\t\t\t\t<\/div>\n\t\t\t\t<\/div>\n\t\t\t\t\t<\/div>\n\t\t\t\t<\/div>\n\t\t<div class=\"elementor-element elementor-element-13a49ef e-flex e-con-boxed e-con e-parent\" data-id=\"13a49ef\" data-element_type=\"container\">\n\t\t\t\t\t<div class=\"e-con-inner\">\n\t\t<div class=\"elementor-element elementor-element-b77499e e-con-full e-flex e-con e-child\" data-id=\"b77499e\" data-element_type=\"container\">\n\t\t<div class=\"elementor-element elementor-element-726950c e-con-full e-flex e-con e-child\" data-id=\"726950c\" data-element_type=\"container\">\n\t\t\t\t<div class=\"elementor-element elementor-element-e3ab749 elementor-widget elementor-widget-text-editor\" data-id=\"e3ab749\" data-element_type=\"widget\" data-widget_type=\"text-editor.default\">\n\t\t\t\t<div class=\"elementor-widget-container\">\n\t\t\t\t\t\t\t\t\t<p>Phone number:<br \/>55 5870 5020<\/p>\t\t\t\t\t\t\t\t<\/div>\n\t\t\t\t<\/div>\n\t\t\t\t<\/div>\n\t\t<div class=\"elementor-element elementor-element-d007ffa e-con-full e-flex e-con e-child\" data-id=\"d007ffa\" data-element_type=\"container\">\n\t\t\t\t<div class=\"elementor-element elementor-element-b5d4496 elementor-widget elementor-widget-text-editor\" data-id=\"b5d4496\" data-element_type=\"widget\" data-widget_type=\"text-editor.default\">\n\t\t\t\t<div class=\"elementor-widget-container\">\n\t\t\t\t\t\t\t\t\t<p>E-mail:<br \/>contacto@brinco.com.mx<\/p>\t\t\t\t\t\t\t\t<\/div>\n\t\t\t\t<\/div>\n\t\t\t\t<\/div>\n\t\t\t\t<\/div>\n\t\t\t\t<div class=\"elementor-element elementor-element-117da96 elementor-widget elementor-widget-google_maps\" data-id=\"117da96\" data-element_type=\"widget\" data-widget_type=\"google_maps.default\">\n\t\t\t\t<div class=\"elementor-widget-container\">\n\t\t\t\t\t\t\t<div class=\"elementor-custom-embed\">\n\t\t\t<iframe loading=\"lazy\"\n\t\t\t\t\tsrc=\"https:\/\/maps.google.com\/maps?q=Carretera%20Cuautil%C3%A1n%20-%20Tlalnepantla%2062%2C%20La%20Concepci%C3%B3n%2C%2054900%20Tultitl%C3%A1n%20de%20Mariano%20Escobedo%2C%20M%C3%A9x.&#038;t=m&#038;z=12&#038;output=embed&#038;iwloc=near\"\n\t\t\t\t\ttitle=\"Carretera Cuautil\u00e1n - Tlalnepantla 62, La Concepci\u00f3n, 54900 Tultitl\u00e1n de Mariano Escobedo, M\u00e9x.\"\n\t\t\t\t\taria-label=\"Carretera Cuautil\u00e1n - Tlalnepantla 62, La Concepci\u00f3n, 54900 Tultitl\u00e1n de Mariano Escobedo, M\u00e9x.\"\n\t\t\t><\/iframe>\n\t\t<\/div>\n\t\t\t\t\t\t<\/div>\n\t\t\t\t<\/div>\n\t\t\t\t\t<\/div>\n\t\t\t\t<\/div>\n\t\t<div class=\"elementor-element elementor-element-3010156 e-flex e-con-boxed e-con e-parent\" data-id=\"3010156\" data-element_type=\"container\" data-settings=\"{&quot;background_background&quot;:&quot;classic&quot;}\">\n\t\t\t\t\t<div class=\"e-con-inner\">\n\t\t\t\t<div class=\"elementor-element elementor-element-d2f5a0c elementor-shape-rounded elementor-grid-0 e-grid-align-center elementor-widget elementor-widget-social-icons\" data-id=\"d2f5a0c\" data-element_type=\"widget\" data-widget_type=\"social-icons.default\">\n\t\t\t\t<div class=\"elementor-widget-container\">\n\t\t\t\t\t\t\t<div class=\"elementor-social-icons-wrapper elementor-grid\">\n\t\t\t\t\t\t\t<span class=\"elementor-grid-item\">\n\t\t\t\t\t<a class=\"elementor-icon elementor-social-icon elementor-social-icon-linkedin elementor-repeater-item-447c3ec\" href=\"https:\/\/www.linkedin.com\/company\/entretelas-brinco\/\" target=\"_blank\">\n\t\t\t\t\t\t<span class=\"elementor-screen-only\">Linkedin<\/span>\n\t\t\t\t\t\t<svg class=\"e-font-icon-svg e-fab-linkedin\" viewBox=\"0 0 448 512\" xmlns=\"http:\/\/www.w3.org\/2000\/svg\"><path d=\"M416 32H31.9C14.3 32 0 46.5 0 64.3v383.4C0 465.5 14.3 480 31.9 480H416c17.6 0 32-14.5 32-32.3V64.3c0-17.8-14.4-32.3-32-32.3zM135.4 416H69V202.2h66.5V416zm-33.2-243c-21.3 0-38.5-17.3-38.5-38.5S80.9 96 102.2 96c21.2 0 38.5 17.3 38.5 38.5 0 21.3-17.2 38.5-38.5 38.5zm282.1 243h-66.4V312c0-24.8-.5-56.7-34.5-56.7-34.6 0-39.9 27-39.9 54.9V416h-66.4V202.2h63.7v29.2h.9c8.9-16.8 30.6-34.5 62.9-34.5 67.2 0 79.7 44.3 79.7 101.9V416z\"><\/path><\/svg>\t\t\t\t\t<\/a>\n\t\t\t\t<\/span>\n\t\t\t\t\t\t\t<span class=\"elementor-grid-item\">\n\t\t\t\t\t<a class=\"elementor-icon elementor-social-icon elementor-social-icon-instagram elementor-repeater-item-1f9bd11\" href=\"https:\/\/www.instagram.com\/brinco.mexico\/\" target=\"_blank\">\n\t\t\t\t\t\t<span class=\"elementor-screen-only\">Instagram<\/span>\n\t\t\t\t\t\t<svg class=\"e-font-icon-svg e-fab-instagram\" viewBox=\"0 0 448 512\" xmlns=\"http:\/\/www.w3.org\/2000\/svg\"><path d=\"M224.1 141c-63.6 0-114.9 51.3-114.9 114.9s51.3 114.9 114.9 114.9S339 319.5 339 255.9 287.7 141 224.1 141zm0 189.6c-41.1 0-74.7-33.5-74.7-74.7s33.5-74.7 74.7-74.7 74.7 33.5 74.7 74.7-33.6 74.7-74.7 74.7zm146.4-194.3c0 14.9-12 26.8-26.8 26.8-14.9 0-26.8-12-26.8-26.8s12-26.8 26.8-26.8 26.8 12 26.8 26.8zm76.1 27.2c-1.7-35.9-9.9-67.7-36.2-93.9-26.2-26.2-58-34.4-93.9-36.2-37-2.1-147.9-2.1-184.9 0-35.8 1.7-67.6 9.9-93.9 36.1s-34.4 58-36.2 93.9c-2.1 37-2.1 147.9 0 184.9 1.7 35.9 9.9 67.7 36.2 93.9s58 34.4 93.9 36.2c37 2.1 147.9 2.1 184.9 0 35.9-1.7 67.7-9.9 93.9-36.2 26.2-26.2 34.4-58 36.2-93.9 2.1-37 2.1-147.8 0-184.8zM398.8 388c-7.8 19.6-22.9 34.7-42.6 42.6-29.5 11.7-99.5 9-132.1 9s-102.7 2.6-132.1-9c-19.6-7.8-34.7-22.9-42.6-42.6-11.7-29.5-9-99.5-9-132.1s-2.6-102.7 9-132.1c7.8-19.6 22.9-34.7 42.6-42.6 29.5-11.7 99.5-9 132.1-9s102.7-2.6 132.1 9c19.6 7.8 34.7 22.9 42.6 42.6 11.7 29.5 9 99.5 9 132.1s2.7 102.7-9 132.1z\"><\/path><\/svg>\t\t\t\t\t<\/a>\n\t\t\t\t<\/span>\n\t\t\t\t\t\t\t<span class=\"elementor-grid-item\">\n\t\t\t\t\t<a class=\"elementor-icon elementor-social-icon elementor-social-icon-facebook elementor-repeater-item-af1f6de\" href=\"https:\/\/www.facebook.com\/MxBrinco\/\" target=\"_blank\">\n\t\t\t\t\t\t<span class=\"elementor-screen-only\">Facebook<\/span>\n\t\t\t\t\t\t<svg class=\"e-font-icon-svg e-fab-facebook\" viewBox=\"0 0 512 512\" xmlns=\"http:\/\/www.w3.org\/2000\/svg\"><path d=\"M504 256C504 119 393 8 256 8S8 119 8 256c0 123.78 90.69 226.38 209.25 245V327.69h-63V256h63v-54.64c0-62.15 37-96.48 93.67-96.48 27.14 0 55.52 4.84 55.52 4.84v61h-31.28c-30.8 0-40.41 19.12-40.41 38.73V256h68.78l-11 71.69h-57.78V501C413.31 482.38 504 379.78 504 256z\"><\/path><\/svg>\t\t\t\t\t<\/a>\n\t\t\t\t<\/span>\n\t\t\t\t\t<\/div>\n\t\t\t\t\t\t<\/div>\n\t\t\t\t<\/div>\n\t\t\t\t\t<\/div>\n\t\t\t\t<\/div>\n\t\t\t\t<\/div>\n\t\t","protected":false},"excerpt":{"rendered":"<p>Para mayor informaci\u00f3n sobre los productos que podemos fabricar, por favor comun\u00edcate con nosotros por nuestro formulario de contacto. Estaremos felices de atenderte.<\/p>\n","protected":false},"author":2,"featured_media":1519,"parent":0,"menu_order":0,"comment_status":"closed","ping_status":"closed","template":"elementor_canvas","meta":{"footnotes":""},"class_list":["post-15","page","type-page","status-publish","has-post-thumbnail","hentry"],"yoast_head":"<!-- This site is optimized with the Yoast SEO plugin v25.5 - https:\/\/yoast.com\/wordpress\/plugins\/seo\/ -->\r\n<title>\u00a1Comun\u00edcate con nosotros! - Brinco<\/title>\r\n<meta name=\"robots\" content=\"index, follow, max-snippet:-1, max-image-preview:large, max-video-preview:-1\" \/>\r\n<link rel=\"canonical\" href=\"https:\/\/brinco.com.mx\/eng\/contacto\/\" \/>\r\n<meta property=\"og:locale\" content=\"es_ES\" \/>\r\n<meta property=\"og:type\" content=\"article\" \/>\r\n<meta property=\"og:title\" content=\"\u00a1Comun\u00edcate con nosotros! - Brinco\" \/>\r\n<meta property=\"og:description\" content=\"Para mayor informaci\u00f3n sobre los productos que podemos fabricar, por favor comun\u00edcate con nosotros por nuestro formulario de contacto. Estaremos felices de atenderte.\" \/>\r\n<meta property=\"og:url\" content=\"https:\/\/brinco.com.mx\/eng\/contacto\/\" \/>\r\n<meta property=\"og:site_name\" content=\"Brinco\" \/>\r\n<meta property=\"article:modified_time\" content=\"2025-07-23T18:20:06+00:00\" \/>\r\n<meta property=\"og:image\" content=\"https:\/\/brinco.com.mx\/eng\/wp-content\/uploads\/2025\/01\/contacto-brinco.png\" \/>\r\n\t<meta property=\"og:image:width\" content=\"1603\" \/>\r\n\t<meta property=\"og:image:height\" content=\"1000\" \/>\r\n\t<meta property=\"og:image:type\" content=\"image\/png\" \/>\r\n<meta name=\"twitter:card\" content=\"summary_large_image\" \/>\r\n<meta name=\"twitter:label1\" content=\"Tiempo de lectura\" \/>\n\t<meta name=\"twitter:data1\" content=\"1 minuto\" \/>\r\n<script type=\"application\/ld+json\" class=\"yoast-schema-graph\">{\"@context\":\"https:\/\/schema.org\",\"@graph\":[{\"@type\":\"WebPage\",\"@id\":\"https:\/\/brinco.com.mx\/eng\/contacto\/\",\"url\":\"https:\/\/brinco.com.mx\/eng\/contacto\/\",\"name\":\"\u00a1Comun\u00edcate con nosotros! - Brinco\",\"isPartOf\":{\"@id\":\"https:\/\/brinco.com.mx\/eng\/#website\"},\"primaryImageOfPage\":{\"@id\":\"https:\/\/brinco.com.mx\/eng\/contacto\/#primaryimage\"},\"image\":{\"@id\":\"https:\/\/brinco.com.mx\/eng\/contacto\/#primaryimage\"},\"thumbnailUrl\":\"https:\/\/brinco.com.mx\/eng\/wp-content\/uploads\/2025\/01\/contacto-brinco.png\",\"datePublished\":\"2025-01-19T23:37:47+00:00\",\"dateModified\":\"2025-07-23T18:20:06+00:00\",\"breadcrumb\":{\"@id\":\"https:\/\/brinco.com.mx\/eng\/contacto\/#breadcrumb\"},\"inLanguage\":\"es\",\"potentialAction\":[{\"@type\":\"ReadAction\",\"target\":[\"https:\/\/brinco.com.mx\/eng\/contacto\/\"]}]},{\"@type\":\"ImageObject\",\"inLanguage\":\"es\",\"@id\":\"https:\/\/brinco.com.mx\/eng\/contacto\/#primaryimage\",\"url\":\"https:\/\/brinco.com.mx\/eng\/wp-content\/uploads\/2025\/01\/contacto-brinco.png\",\"contentUrl\":\"https:\/\/brinco.com.mx\/eng\/wp-content\/uploads\/2025\/01\/contacto-brinco.png\",\"width\":1603,\"height\":1000,\"caption\":\"contacto brinco\"},{\"@type\":\"BreadcrumbList\",\"@id\":\"https:\/\/brinco.com.mx\/eng\/contacto\/#breadcrumb\",\"itemListElement\":[{\"@type\":\"ListItem\",\"position\":1,\"name\":\"Portada\",\"item\":\"https:\/\/brinco.com.mx\/eng\/\"},{\"@type\":\"ListItem\",\"position\":2,\"name\":\"\u00a1Comun\u00edcate con nosotros!\"}]},{\"@type\":\"WebSite\",\"@id\":\"https:\/\/brinco.com.mx\/eng\/#website\",\"url\":\"https:\/\/brinco.com.mx\/eng\/\",\"name\":\"Brinco\",\"description\":\"\",\"potentialAction\":[{\"@type\":\"SearchAction\",\"target\":{\"@type\":\"EntryPoint\",\"urlTemplate\":\"https:\/\/brinco.com.mx\/eng\/?s={search_term_string}\"},\"query-input\":{\"@type\":\"PropertyValueSpecification\",\"valueRequired\":true,\"valueName\":\"search_term_string\"}}],\"inLanguage\":\"es\"}]}<\/script>\r\n<!-- \/ Yoast SEO plugin. -->","yoast_head_json":{"title":"\u00a1Comun\u00edcate con nosotros! - Brinco","robots":{"index":"index","follow":"follow","max-snippet":"max-snippet:-1","max-image-preview":"max-image-preview:large","max-video-preview":"max-video-preview:-1"},"canonical":"https:\/\/brinco.com.mx\/eng\/contacto\/","og_locale":"es_ES","og_type":"article","og_title":"\u00a1Comun\u00edcate con nosotros! - Brinco","og_description":"Para mayor informaci\u00f3n sobre los productos que podemos fabricar, por favor comun\u00edcate con nosotros por nuestro formulario de contacto. Estaremos felices de atenderte.","og_url":"https:\/\/brinco.com.mx\/eng\/contacto\/","og_site_name":"Brinco","article_modified_time":"2025-07-23T18:20:06+00:00","og_image":[{"width":1603,"height":1000,"url":"https:\/\/brinco.com.mx\/eng\/wp-content\/uploads\/2025\/01\/contacto-brinco.png","type":"image\/png"}],"twitter_card":"summary_large_image","twitter_misc":{"Tiempo de lectura":"1 minuto"},"schema":{"@context":"https:\/\/schema.org","@graph":[{"@type":"WebPage","@id":"https:\/\/brinco.com.mx\/eng\/contacto\/","url":"https:\/\/brinco.com.mx\/eng\/contacto\/","name":"\u00a1Comun\u00edcate con nosotros! - Brinco","isPartOf":{"@id":"https:\/\/brinco.com.mx\/eng\/#website"},"primaryImageOfPage":{"@id":"https:\/\/brinco.com.mx\/eng\/contacto\/#primaryimage"},"image":{"@id":"https:\/\/brinco.com.mx\/eng\/contacto\/#primaryimage"},"thumbnailUrl":"https:\/\/brinco.com.mx\/eng\/wp-content\/uploads\/2025\/01\/contacto-brinco.png","datePublished":"2025-01-19T23:37:47+00:00","dateModified":"2025-07-23T18:20:06+00:00","breadcrumb":{"@id":"https:\/\/brinco.com.mx\/eng\/contacto\/#breadcrumb"},"inLanguage":"es","potentialAction":[{"@type":"ReadAction","target":["https:\/\/brinco.com.mx\/eng\/contacto\/"]}]},{"@type":"ImageObject","inLanguage":"es","@id":"https:\/\/brinco.com.mx\/eng\/contacto\/#primaryimage","url":"https:\/\/brinco.com.mx\/eng\/wp-content\/uploads\/2025\/01\/contacto-brinco.png","contentUrl":"https:\/\/brinco.com.mx\/eng\/wp-content\/uploads\/2025\/01\/contacto-brinco.png","width":1603,"height":1000,"caption":"contacto brinco"},{"@type":"BreadcrumbList","@id":"https:\/\/brinco.com.mx\/eng\/contacto\/#breadcrumb","itemListElement":[{"@type":"ListItem","position":1,"name":"Portada","item":"https:\/\/brinco.com.mx\/eng\/"},{"@type":"ListItem","position":2,"name":"\u00a1Comun\u00edcate con nosotros!"}]},{"@type":"WebSite","@id":"https:\/\/brinco.com.mx\/eng\/#website","url":"https:\/\/brinco.com.mx\/eng\/","name":"Brinco","description":"","potentialAction":[{"@type":"SearchAction","target":{"@type":"EntryPoint","urlTemplate":"https:\/\/brinco.com.mx\/eng\/?s={search_term_string}"},"query-input":{"@type":"PropertyValueSpecification","valueRequired":true,"valueName":"search_term_string"}}],"inLanguage":"es"}]}},"_links":{"self":[{"href":"https:\/\/brinco.com.mx\/eng\/wp-json\/wp\/v2\/pages\/15","targetHints":{"allow":["GET"]}}],"collection":[{"href":"https:\/\/brinco.com.mx\/eng\/wp-json\/wp\/v2\/pages"}],"about":[{"href":"https:\/\/brinco.com.mx\/eng\/wp-json\/wp\/v2\/types\/page"}],"author":[{"embeddable":true,"href":"https:\/\/brinco.com.mx\/eng\/wp-json\/wp\/v2\/users\/2"}],"replies":[{"embeddable":true,"href":"https:\/\/brinco.com.mx\/eng\/wp-json\/wp\/v2\/comments?post=15"}],"version-history":[{"count":63,"href":"https:\/\/brinco.com.mx\/eng\/wp-json\/wp\/v2\/pages\/15\/revisions"}],"predecessor-version":[{"id":2764,"href":"https:\/\/brinco.com.mx\/eng\/wp-json\/wp\/v2\/pages\/15\/revisions\/2764"}],"wp:featuredmedia":[{"embeddable":true,"href":"https:\/\/brinco.com.mx\/eng\/wp-json\/wp\/v2\/media\/1519"}],"wp:attachment":[{"href":"https:\/\/brinco.com.mx\/eng\/wp-json\/wp\/v2\/media?parent=15"}],"curies":[{"name":"wp","href":"https:\/\/api.w.org\/{rel}","templated":true}]}}